{"id":37,"date":"2025-02-25T17:00:53","date_gmt":"2025-02-25T16:00:53","guid":{"rendered":"https:\/\/multidystinee.be\/?page_id=37"},"modified":"2025-02-25T17:24:24","modified_gmt":"2025-02-25T16:24:24","slug":"a-propos-de-moi","status":"publish","type":"page","link":"https:\/\/multidystinee.be\/index.php\/a-propos-de-moi\/","title":{"rendered":"A propos de moi"},"content":{"rendered":"\n<p><strong>Bienvenue sur Sasha MultiDysTin\u00e9e !<\/strong><br>Je m\u2019appelle <strong>Sasha<\/strong>, j\u2019ai 12 ans et je suis <strong>MultiDys<\/strong> : dyspraxique, dysphasique, &nbsp;dysorthographique et dysgraphique. Mon cerveau fonctionne autrement, et chaque jour, je trouve des solutions pour apprendre \u00e0 ma mani\u00e8re.<\/p>\n\n\n\n<p><strong>Mon objectif<\/strong><br>L\u2019objectif de l\u2019\u00e9cole est de <strong>former des adultes r\u00e9fl\u00e9chis, capables de s\u2019adapter et de comprendre le monde<\/strong>. Mais pour cela, il faut <strong>continuer \u00e0 enseigner \u00e0 un bon niveau<\/strong>, sans abaisser les exigences, tout en permettant aux \u00e9l\u00e8ves Dys de suivre avec des outils adapt\u00e9s.<\/p>\n\n\n\n<p><strong>\u00c9quiper un \u00e9l\u00e8ve Dys correctement, c\u2019est lui permettre de r\u00e9ussir sans ralentir les autres.<\/strong><\/p>\n\n\n\n<p>\ud83d\ude80 <strong>Ce que tu trouveras ici<\/strong><\/p>\n\n\n\n<ul class=\"wp-block-list\">\n<li>\ud83c\udf1f <strong>Mon histoire et mon \u00e9volution<\/strong>, pour montrer qu\u2019un parcours diff\u00e9rent ne signifie pas un \u00e9chec.<\/li>\n\n\n\n<li>\ud83d\udee0\ufe0f <strong>Les outils qui me permettent d<\/strong>&#8216;<strong>avancer <\/strong>(logiciels, m\u00e9thodes, strat\u00e9gies d\u2019adaptation).<\/li>\n\n\n\n<li>\ud83c\udfa5 <strong>Des vid\u00e9os et t\u00e9moignages<\/strong> pour expliquer les Dys autrement.<\/li>\n\n\n\n<li>\ud83c\udfc7 <strong>Ma passion pour les chevaux<\/strong>, qui m\u2019aide \u00e0 progresser et \u00e0 mieux g\u00e9rer mes d\u00e9fis.<\/li>\n\n\n\n<li>\ud83c\udfeb <strong>Des pistes pour am\u00e9liorer l\u2019\u00e9cole<\/strong>, en int\u00e9grant mieux les \u00e9l\u00e8ves Dys <strong>sans impacter les autres<\/strong>.<\/li>\n<\/ul>\n\n\n\n<p>\ud83d\udd0d <strong>Pourquoi ce projet ?<\/strong><br>Sensibiliser et montrer que <strong>les Dys ne sont pas un frein si on leur donne les bons outils<\/strong>. Je veux aussi <strong>tester du mat\u00e9riel adapt\u00e9, collaborer avec des marques<\/strong> et surtout <strong>faire comprendre que les Dys ont leur place dans l\u2019\u00e9ducation, sans que cela ne p\u00e9nalise personne<\/strong>.<\/p>\n","protected":false},"excerpt":{"rendered":"<p>Bienvenue sur Sasha MultiDysTin\u00e9e !Je m\u2019appelle Sasha, j\u2019ai 12 ans et je suis MultiDys : dyspraxique, dysphasique, &nbsp;dysorthographique et dysgraphique. Mon cerveau fonctionne autrement, et chaque jour, je trouve des solutions pour apprendre \u00e0 ma mani\u00e8re. Mon objectifL\u2019objectif de l\u2019\u00e9cole est de former des adultes r\u00e9fl\u00e9chis, capables de s\u2019adapter et de comprendre le monde. Mais [&hellip;]<\/p>\n","protected":false},"author":1,"featured_media":0,"parent":0,"menu_order":0,"comment_status":"closed","ping_status":"closed","template":"","meta":{"footnotes":""},"class_list":["post-37","page","type-page","status-publish","hentry"],"_links":{"self":[{"href":"https:\/\/multidystinee.be\/index.php\/wp-json\/wp\/v2\/pages\/37","targetHints":{"allow":["GET"]}}],"collection":[{"href":"https:\/\/multidystinee.be\/index.php\/wp-json\/wp\/v2\/pages"}],"about":[{"href":"https:\/\/multidystinee.be\/index.php\/wp-json\/wp\/v2\/types\/page"}],"author":[{"embeddable":true,"href":"https:\/\/multidystinee.be\/index.php\/wp-json\/wp\/v2\/users\/1"}],"replies":[{"embeddable":true,"href":"https:\/\/multidystinee.be\/index.php\/wp-json\/wp\/v2\/comments?post=37"}],"version-history":[{"count":2,"href":"https:\/\/multidystinee.be\/index.php\/wp-json\/wp\/v2\/pages\/37\/revisions"}],"predecessor-version":[{"id":62,"href":"https:\/\/multidystinee.be\/index.php\/wp-json\/wp\/v2\/pages\/37\/revisions\/62"}],"wp:attachment":[{"href":"https:\/\/multidystinee.be\/index.php\/wp-json\/wp\/v2\/media?parent=37"}],"curies":[{"name":"wp","href":"https:\/\/api.w.org\/{rel}","templated":true}]}}